{"id":2,"date":"2019-03-10T09:04:47","date_gmt":"2019-03-10T09:04:47","guid":{"rendered":"https:\/\/tasker.si\/?page_id=2"},"modified":"2019-03-10T09:39:08","modified_gmt":"2019-03-10T09:39:08","slug":"sample-page","status":"publish","type":"page","link":"https:\/\/tasker.si\/?page_id=2","title":{"rendered":"O NAS"},"content":{"rendered":"\n<p>Servis kotlov in toplotne tehnike nejc ta\u0161ker s.p. je podjetje, ki vam nudi storitev s podro\u010dja in\u0161talacije, vodovoda in ogrevanja. Na\u0161 asortiman in\u0161talacije toplotnih sistemov je nasednji: toplotne \u010drpalke, talno gretje, monta\u017ea pe\u010di, monta\u017ea son\u010dnih kolektorjev, servis kotlov. Razpolagamo z ve\u010dletnimi izku\u0161njami in referencami. Za izvedbo storitev, ki jih ponujamo je potrebno specifi\u010dno znanje in dobro poznavanje dejavnosti v kateri delujemo. In\u0161talacije, ki jih opravimo delujejo dolgoro\u010dno in brezhibno, potrebno pa se je zavedati, da vsaka storitev s \u010dasoma izgubi na kakovosti in kvaliteti zaradi obrabe. Zaradi tega vam v podjetju nudimo ravno tako servis in vzdr\u017eevanje. Kontaktirajte nas in se prepri\u010dajte o kvaliteti na\u0161ih storitev.<\/p>\n\n\n\n<ul class=\"wp-block-gallery columns-3 is-cropped wp-block-gallery-1 is-layout-flex wp-block-gallery-is-layout-flex\"><li class=\"blocks-gallery-item\"><figure><img loading=\"lazy\" decoding=\"async\" width=\"265\" height=\"190\" src=\"https:\/\/tasker.si\/wp-content\/uploads\/2019\/03\/tasker.jpg\" alt=\"\" data-id=\"6\" data-link=\"https:\/\/tasker.si\/sample-page\/tasker\/\" class=\"wp-image-6\"\/><\/figure><\/li><li class=\"blocks-gallery-item\"><figure><img loading=\"lazy\" decoding=\"async\" width=\"312\" height=\"162\" src=\"https:\/\/tasker.si\/wp-content\/uploads\/2019\/03\/tasker97.jpg\" alt=\"\" data-id=\"7\" data-link=\"https:\/\/tasker.si\/sample-page\/tasker97\/\" class=\"wp-image-7\" srcset=\"https:\/\/tasker.si\/wp-content\/uploads\/2019\/03\/tasker97.jpg 312w, https:\/\/tasker.si\/wp-content\/uploads\/2019\/03\/tasker97-300x156.jpg 300w\" sizes=\"auto, (max-width: 312px) 100vw, 312px\" \/><\/figure><\/li><li class=\"blocks-gallery-item\"><figure><img loading=\"lazy\" decoding=\"async\" width=\"720\" height=\"960\" src=\"https:\/\/tasker.si\/wp-content\/uploads\/2019\/03\/tasker4.jpg\" alt=\"\" data-id=\"8\" data-link=\"https:\/\/tasker.si\/sample-page\/tasker4\/\" class=\"wp-image-8\" srcset=\"https:\/\/tasker.si\/wp-content\/uploads\/2019\/03\/tasker4.jpg 720w, https:\/\/tasker.si\/wp-content\/uploads\/2019\/03\/tasker4-225x300.jpg 225w\" sizes=\"auto, (max-width: 720px) 100vw, 720px\" \/><\/figure><\/li><\/ul>\n\n\n\n<h3 class=\"wp-block-heading\">KJE SE NAHAJAMO?<\/h3>\n\n\n\n<figure><iframe loading=\"lazy\" width=\"600\" height=\"216\" src=\"https:\/\/www.google.com\/maps\/embed\/v1\/place?q=Na+gmajni+13%2C+Ljube%C4%8Dna%2C+3202+Ljube%C4%8Dna&amp;key=AIzaSyCq4vWNv6eCGe2uvhPRGWQlv80IQp8dwTE\"><\/iframe><\/figure>\n\n\n\n<p><a rel=\"noreferrer noopener\" href=\"http:\/\/maps.google.com\/maps?z=16&amp;q=na+gmajni+13,+ljube%C4%8Dna,+3202+ljube%C4%8Dna\" target=\"_blank\">Na gmajni 13, Ljube\u010dna, 3202 Ljube\u010dna\u00a0<br><\/a>041 240 658<\/p>\n\n\n\n<p>info@tasker.si <\/p>\n","protected":false},"excerpt":{"rendered":"<p>Servis kotlov in toplotne tehnike nejc ta\u0161ker s.p. je podjetje, ki vam nudi storitev s podro\u010dja in\u0161talacije, vodovoda in ogrevanja. Na\u0161 asortiman in\u0161talacije toplotnih sistemov je nasednji: toplotne \u010drpalke, talno gretje, monta\u017ea<\/p>\n<a class=\"moretag noptoppad\" href=\"https:\/\/tasker.si\/?page_id=2\">Read More...<\/a>","protected":false},"author":1,"featured_media":0,"parent":0,"menu_order":0,"comment_status":"closed","ping_status":"open","template":"","meta":{"pagelayer_contact_templates":[],"_pagelayer_content":"","footnotes":""},"class_list":["post-2","page","type-page","status-publish","hentry"],"_links":{"self":[{"href":"https:\/\/tasker.si\/index.php?rest_route=\/wp\/v2\/pages\/2","targetHints":{"allow":["GET"]}}],"collection":[{"href":"https:\/\/tasker.si\/index.php?rest_route=\/wp\/v2\/pages"}],"about":[{"href":"https:\/\/tasker.si\/index.php?rest_route=\/wp\/v2\/types\/page"}],"author":[{"embeddable":true,"href":"https:\/\/tasker.si\/index.php?rest_route=\/wp\/v2\/users\/1"}],"replies":[{"embeddable":true,"href":"https:\/\/tasker.si\/index.php?rest_route=%2Fwp%2Fv2%2Fcomments&post=2"}],"version-history":[{"count":2,"href":"https:\/\/tasker.si\/index.php?rest_route=\/wp\/v2\/pages\/2\/revisions"}],"predecessor-version":[{"id":10,"href":"https:\/\/tasker.si\/index.php?rest_route=\/wp\/v2\/pages\/2\/revisions\/10"}],"wp:attachment":[{"href":"https:\/\/tasker.si\/index.php?rest_route=%2Fwp%2Fv2%2Fmedia&parent=2"}],"curies":[{"name":"wp","href":"https:\/\/api.w.org\/{rel}","templated":true}]}}